{"id":20,"date":"2022-02-23T19:48:03","date_gmt":"2022-02-23T18:48:03","guid":{"rendered":"https:\/\/sintec-mw.de\/?page_id=20"},"modified":"2024-04-12T11:20:15","modified_gmt":"2024-04-12T09:20:15","slug":"impressum","status":"publish","type":"page","link":"https:\/\/sintec-mw.de\/?page_id=20","title":{"rendered":"Impressum"},"content":{"rendered":"\n<p>SINTEC Microwave Systems GmbH<br>Otto-Lilienthal-Str. 36<br>71034 B\u00f6blingen\/Germany<\/p>\n\n\n\n<p>FON +49 7031 \/ 714 580<br>FAX +49 7031 \/ 714 586<\/p>\n\n\n\n<p>Email: m.brueck@sintec-mw.de<\/p>\n\n\n\n<p><br>Gesch\u00e4ftsf\u00fchrer: Martin Br\u00fcck<br>Sitz der Gesellschaft: B\u00f6blingen<\/p>\n\n\n\n<p><\/p>\n","protected":false},"excerpt":{"rendered":"<p>SINTEC Microwave Systems GmbHOtto-Lilienthal-Str. 3671034 B\u00f6blingen\/Germany FON +49 7031 \/ 714 580FAX +49 7031 \/ 714 586 Email: m.brueck@sintec-mw.de Gesch\u00e4ftsf\u00fchrer: Martin Br\u00fcckSitz der Gesellschaft: B\u00f6blingen<\/p>\n","protected":false},"author":2,"featured_media":0,"parent":0,"menu_order":0,"comment_status":"closed","ping_status":"closed","template":"","meta":{"footnotes":""},"class_list":["post-20","page","type-page","status-publish","hentry"],"_links":{"self":[{"href":"https:\/\/sintec-mw.de\/index.php?rest_route=\/wp\/v2\/pages\/20","targetHints":{"allow":["GET"]}}],"collection":[{"href":"https:\/\/sintec-mw.de\/index.php?rest_route=\/wp\/v2\/pages"}],"about":[{"href":"https:\/\/sintec-mw.de\/index.php?rest_route=\/wp\/v2\/types\/page"}],"author":[{"embeddable":true,"href":"https:\/\/sintec-mw.de\/index.php?rest_route=\/wp\/v2\/users\/2"}],"replies":[{"embeddable":true,"href":"https:\/\/sintec-mw.de\/index.php?rest_route=%2Fwp%2Fv2%2Fcomments&post=20"}],"version-history":[{"count":2,"href":"https:\/\/sintec-mw.de\/index.php?rest_route=\/wp\/v2\/pages\/20\/revisions"}],"predecessor-version":[{"id":51,"href":"https:\/\/sintec-mw.de\/index.php?rest_route=\/wp\/v2\/pages\/20\/revisions\/51"}],"wp:attachment":[{"href":"https:\/\/sintec-mw.de\/index.php?rest_route=%2Fwp%2Fv2%2Fmedia&parent=20"}],"curies":[{"name":"wp","href":"https:\/\/api.w.org\/{rel}","templated":true}]}}